{"id":3,"date":"2022-05-24T12:41:25","date_gmt":"2022-05-24T10:41:25","guid":{"rendered":"https:\/\/hedlunda.com\/?page_id=3"},"modified":"2023-01-27T10:44:48","modified_gmt":"2023-01-27T09:44:48","slug":"integritetspolicy","status":"publish","type":"page","link":"https:\/\/hedlunda.com\/en\/integritetspolicy\/","title":{"rendered":"Privacy policy"},"content":{"rendered":"<div data-elementor-type=\"wp-page\" data-elementor-id=\"3\" class=\"elementor elementor-3\">\n\t\t\t\t\t\t\t\t\t<section class=\"has_eae_slider elementor-section elementor-top-section elementor-element elementor-element-3ac3089f elementor-section-boxed elementor-section-height-default elementor-section-height-default\" data-id=\"3ac3089f\" data-element_type=\"section\">\n\t\t\t\t\t\t<div class=\"elementor-container elementor-column-gap-default\">\n\t\t\t\t\t<div class=\"has_eae_slider elementor-column elementor-col-100 elementor-top-column elementor-element elementor-element-88c423c\" data-id=\"88c423c\" data-element_type=\"column\">\n\t\t\t<div class=\"elementor-widget-wrap elementor-element-populated\">\n\t\t\t\t\t\t\t\t<div class=\"elementor-element elementor-element-7ff400af elementor-widget elementor-widget-heading\" data-id=\"7ff400af\" data-element_type=\"widget\" data-widget_type=\"heading.default\">\n\t\t\t\t<div class=\"elementor-widget-container\">\n\t\t\t<style>\/*! elementor - v3.13.2 - 11-05-2023 *\/\n.elementor-heading-title{padding:0;margin:0;line-height:1}.elementor-widget-heading .elementor-heading-title[class*=elementor-size-]>a{color:inherit;font-size:inherit;line-height:inherit}.elementor-widget-heading .elementor-heading-title.elementor-size-small{font-size:15px}.elementor-widget-heading .elementor-heading-title.elementor-size-medium{font-size:19px}.elementor-widget-heading .elementor-heading-title.elementor-size-large{font-size:29px}.elementor-widget-heading .elementor-heading-title.elementor-size-xl{font-size:39px}.elementor-widget-heading .elementor-heading-title.elementor-size-xxl{font-size:59px}<\/style><h1 class=\"elementor-heading-title elementor-size-default\">Privacy policy<\/h1>\t\t<\/div>\n\t\t\t\t<\/div>\n\t\t\t\t<div class=\"elementor-element elementor-element-6e517cfd elementor-widget elementor-widget-text-editor\" data-id=\"6e517cfd\" data-element_type=\"widget\" data-widget_type=\"text-editor.default\">\n\t\t\t\t<div class=\"elementor-widget-container\">\n\t\t\t<style>\/*! elementor - v3.13.2 - 11-05-2023 *\/\n.elementor-widget-text-editor.elementor-drop-cap-view-stacked .elementor-drop-cap{background-color:#69727d;color:#fff}.elementor-widget-text-editor.elementor-drop-cap-view-framed .elementor-drop-cap{color:#69727d;border:3px solid;background-color:transparent}.elementor-widget-text-editor:not(.elementor-drop-cap-view-default) .elementor-drop-cap{margin-top:8px}.elementor-widget-text-editor:not(.elementor-drop-cap-view-default) .elementor-drop-cap-letter{width:1em;height:1em}.elementor-widget-text-editor .elementor-drop-cap{float:left;text-align:center;line-height:1;font-size:50px}.elementor-widget-text-editor .elementor-drop-cap-letter{display:inline-block}<\/style>\t\t\t\t<p><span style=\"color: #333333; font-family: -apple-system, system-ui, Segoe UI, Roboto, Helvetica Neue, Arial, Noto Sans, sans-serif;\"><span style=\"letter-spacing: normal;\">Din integritet \u00e4r viktig f\u00f6r oss. F\u00f6r att b\u00e4ttre skydda din integritet tillhandah\u00e5ller vi detta meddelande f\u00f6r att f\u00f6rklara v\u00e5r online- och informationspraxis och om hur informationen samlas in och anv\u00e4nds. F\u00f6r att g\u00f6ra detta meddelande l\u00e4tt att hitta, g\u00f6r vi det tillg\u00e4ngligt p\u00e5 v\u00e5r hemsida och vid varje punkt d\u00e4r personligt identifierbar information kan beg\u00e4ras.<\/span><\/span><\/p>\t\t\t\t\t\t<\/div>\n\t\t\t\t<\/div>\n\t\t\t\t<div class=\"elementor-element elementor-element-36b3698f elementor-widget elementor-widget-heading\" data-id=\"36b3698f\" data-element_type=\"widget\" data-widget_type=\"heading.default\">\n\t\t\t\t<div class=\"elementor-widget-container\">\n\t\t\t<h2 class=\"elementor-heading-title elementor-size-default\">Information vi samlar in<\/h2>\t\t<\/div>\n\t\t\t\t<\/div>\n\t\t\t\t<div class=\"elementor-element elementor-element-5ed61a7f elementor-widget elementor-widget-text-editor\" data-id=\"5ed61a7f\" data-element_type=\"widget\" data-widget_type=\"text-editor.default\">\n\t\t\t\t<div class=\"elementor-widget-container\">\n\t\t\t\t\t\t\t<p style=\"color: #333333; font-family: -apple-system, 'system-ui', 'Segoe UI', Roboto, 'Helvetica Neue', Arial, 'Noto Sans', sans-serif; letter-spacing: normal;\">Detta g\u00e4ller all information som samlas in p\u00e5 v\u00e5r webbplats. De typer av personuppgifter som samlas in p\u00e5 dessa sidor \u00e4r:<\/p>\n<ul style=\"font-size: 16px; background-color: #ffffff; color: #333333; font-family: -apple-system, 'system-ui', 'Segoe UI', Roboto, 'Helvetica Neue', Arial, 'Noto Sans', sans-serif; letter-spacing: normal;\">\n<li style=\"font-size: 16px;\">Namn<\/li>\n<li style=\"font-size: 16px;\">Age<\/li>\n<li style=\"font-size: 16px;\">Address<\/li>\n<li style=\"font-size: 16px;\">E-postadress<\/li>\n<li style=\"font-size: 16px;\">Phone number<\/li>\n<li style=\"font-size: 16px;\">Annan eventuellt personlig information som framkommer i ditt CV\/personliga brev<\/li>\n<\/ul>\t\t\t\t\t\t<\/div>\n\t\t\t\t<\/div>\n\t\t\t\t<div class=\"elementor-element elementor-element-18f8e709 elementor-widget elementor-widget-heading\" data-id=\"18f8e709\" data-element_type=\"widget\" data-widget_type=\"heading.default\">\n\t\t\t\t<div class=\"elementor-widget-container\">\n\t\t\t<h2 class=\"elementor-heading-title elementor-size-default\">Hur vi anv\u00e4nder information<\/h2>\t\t<\/div>\n\t\t\t\t<\/div>\n\t\t\t\t<div class=\"elementor-element elementor-element-251c0514 elementor-widget elementor-widget-text-editor\" data-id=\"251c0514\" data-element_type=\"widget\" data-widget_type=\"text-editor.default\">\n\t\t\t\t<div class=\"elementor-widget-container\">\n\t\t\t\t\t\t\t<p style=\"color: #333333; font-family: -apple-system, 'system-ui', 'Segoe UI', Roboto, 'Helvetica Neue', Arial, 'Noto Sans', sans-serif; letter-spacing: normal;\">Vi anv\u00e4nder den information du l\u00e4mnar om dig sj\u00e4lv f\u00f6r att kunna kontakta dig. Vi delar inte denna information med externa parter utan ditt explicita medgivande.<\/p>\n<p style=\"color: #333333; font-family: -apple-system, 'system-ui', 'Segoe UI', Roboto, 'Helvetica Neue', Arial, 'Noto Sans', sans-serif; letter-spacing: normal;\">Vi anv\u00e4nder returadresser f\u00f6r att svara p\u00e5 det e-mail vi mottar. S\u00e5dana adresser anv\u00e4nds inte i n\u00e5got annat syfte och delas inte med utomst\u00e5ende parter.<\/p>\n<p style=\"color: #333333; font-family: -apple-system, 'system-ui', 'Segoe UI', Roboto, 'Helvetica Neue', Arial, 'Noto Sans', sans-serif; letter-spacing: normal;\">Slutligen anv\u00e4nder eller delar vi inte personligt identifierbar information som tillhandah\u00e5llits till oss p\u00e5 n\u00e4tet p\u00e5 s\u00e4tt som inte \u00e4r relaterat till det som beskrivs ovan. Vi ger dig ocks\u00e5 m\u00f6jlighet att v\u00e4lja bort eller p\u00e5 annat s\u00e4tt f\u00f6rbjuda s\u00e5dana orelaterade anv\u00e4ndningar.<\/p>\t\t\t\t\t\t<\/div>\n\t\t\t\t<\/div>\n\t\t\t\t<div class=\"elementor-element elementor-element-6e2b7279 elementor-widget elementor-widget-heading\" data-id=\"6e2b7279\" data-element_type=\"widget\" data-widget_type=\"heading.default\">\n\t\t\t\t<div class=\"elementor-widget-container\">\n\t\t\t<h2 class=\"elementor-heading-title elementor-size-default\">V\u00e5rt engagemang f\u00f6r datas\u00e4kerhet<\/h2>\t\t<\/div>\n\t\t\t\t<\/div>\n\t\t\t\t<div class=\"elementor-element elementor-element-6bb18199 elementor-widget elementor-widget-text-editor\" data-id=\"6bb18199\" data-element_type=\"widget\" data-widget_type=\"text-editor.default\">\n\t\t\t\t<div class=\"elementor-widget-container\">\n\t\t\t\t\t\t\t<p style=\"color: #333333; font-family: -apple-system, 'system-ui', 'Segoe UI', Roboto, 'Helvetica Neue', Arial, 'Noto Sans', sans-serif; letter-spacing: normal;\">F\u00f6r att f\u00f6rhindra obeh\u00f6rig \u00e5tkomst, beh\u00e5lla uppgifternas noggrannhet och s\u00e4kerst\u00e4lla korrekt anv\u00e4ndning av information har vi inf\u00f6rt l\u00e4mpliga fysiska, elektroniska och administrativa f\u00f6rfaranden f\u00f6r att skydda och s\u00e4kra den information vi samlar in p\u00e5 n\u00e4tet.<\/p>\t\t\t\t\t\t<\/div>\n\t\t\t\t<\/div>\n\t\t\t\t<div class=\"elementor-element elementor-element-32ac4119 elementor-widget elementor-widget-heading\" data-id=\"32ac4119\" data-element_type=\"widget\" data-widget_type=\"heading.default\">\n\t\t\t\t<div class=\"elementor-widget-container\">\n\t\t\t<h2 class=\"elementor-heading-title elementor-size-default\">S\u00e5 h\u00e4r kan du f\u00e5 tillg\u00e5ng till och \u00e4ndra din information<\/h2>\t\t<\/div>\n\t\t\t\t<\/div>\n\t\t\t\t<div class=\"elementor-element elementor-element-27f45266 elementor-widget elementor-widget-text-editor\" data-id=\"27f45266\" data-element_type=\"widget\" data-widget_type=\"text-editor.default\">\n\t\t\t\t<div class=\"elementor-widget-container\">\n\t\t\t\t\t\t\t<p><span style=\"color: #333333; font-family: -apple-system, system-ui, Segoe UI, Roboto, Helvetica Neue, Arial, Noto Sans, sans-serif;\"><span style=\"letter-spacing: normal;\">Du kan f\u00e5 tillg\u00e5ng till all din personligt identifierbar information som vi samlar p\u00e5 n\u00e4tet och underh\u00e5ller via e-post, kontakta oss f\u00f6r mer information. F\u00f6r att skydda din integritet och s\u00e4kerhet tar vi rimliga steg f\u00f6r att verifiera din identitet innan du kan redigera dina uppgifter. Vi anv\u00e4nder denna procedur f\u00f6r att b\u00e4ttre skydda din information. Du kan korrigera sakfel i din personligt identifierbara information genom att skicka en f\u00f6rfr\u00e5gan om detta.<\/span><\/span><\/p>\t\t\t\t\t\t<\/div>\n\t\t\t\t<\/div>\n\t\t\t\t<div class=\"elementor-element elementor-element-4779d5ad elementor-widget elementor-widget-heading\" data-id=\"4779d5ad\" data-element_type=\"widget\" data-widget_type=\"heading.default\">\n\t\t\t\t<div class=\"elementor-widget-container\">\n\t\t\t<h2 class=\"elementor-heading-title elementor-size-default\">Contact us<\/h2>\t\t<\/div>\n\t\t\t\t<\/div>\n\t\t\t\t<div class=\"elementor-element elementor-element-53db563b elementor-widget elementor-widget-text-editor\" data-id=\"53db563b\" data-element_type=\"widget\" data-widget_type=\"text-editor.default\">\n\t\t\t\t<div class=\"elementor-widget-container\">\n\t\t\t\t\t\t\t<p style=\"color: #333333; font-family: -apple-system, 'system-ui', 'Segoe UI', Roboto, 'Helvetica Neue', Arial, 'Noto Sans', sans-serif; letter-spacing: normal;\">Om du har andra fr\u00e5gor eller problem ang\u00e5ende dessa sekretesspolicyer, skicka oss ett mail, du finner v\u00e5ra kontaktuppgifter\u00a0<a href=\"https:\/\/hedlunda.com\/en\/kontakt\/\" data-type=\"URL\" data-id=\"hedlunda.com\/kontakt\">h\u00e4r.<\/a><\/p>\n<p style=\"color: #333333; font-family: -apple-system, 'system-ui', 'Segoe UI', Roboto, 'Helvetica Neue', Arial, 'Noto Sans', sans-serif; letter-spacing: normal;\">Med v\u00e4nliga h\u00e4lsningar<\/p>\n<p style=\"color: #333333; font-family: -apple-system, 'system-ui', 'Segoe UI', Roboto, 'Helvetica Neue', Arial, 'Noto Sans', sans-serif; letter-spacing: normal;\"><em><span style=\"font-weight: bolder;\">Hedlunda Industri AB<\/span><\/em><\/p>\t\t\t\t\t\t<\/div>\n\t\t\t\t<\/div>\n\t\t\t\t\t<\/div>\n\t\t<\/div>\n\t\t\t\t\t\t\t<\/div>\n\t\t<\/section>\n\t\t\t\t\t\t\t<\/div>","protected":false},"excerpt":{"rendered":"<p>Integritetspolicy Din integritet \u00e4r viktig f\u00f6r oss. F\u00f6r att b\u00e4ttre skydda din integritet tillhandah\u00e5ller vi detta meddelande f\u00f6r att f\u00f6rklara v\u00e5r online- och informationspraxis och om hur informationen samlas in och anv\u00e4nds. F\u00f6r att g\u00f6ra detta meddelande l\u00e4tt att hitta, g\u00f6r vi det tillg\u00e4ngligt p\u00e5 v\u00e5r hemsida och vid varje punkt d\u00e4r personligt identifierbar information [&hellip;]<\/p>","protected":false},"author":1,"featured_media":0,"parent":0,"menu_order":0,"comment_status":"closed","ping_status":"open","template":"","meta":{"footnotes":""},"class_list":["post-3","page","type-page","status-publish","hentry"],"_links":{"self":[{"href":"https:\/\/hedlunda.com\/en\/wp-json\/wp\/v2\/pages\/3","targetHints":{"allow":["GET"]}}],"collection":[{"href":"https:\/\/hedlunda.com\/en\/wp-json\/wp\/v2\/pages"}],"about":[{"href":"https:\/\/hedlunda.com\/en\/wp-json\/wp\/v2\/types\/page"}],"author":[{"embeddable":true,"href":"https:\/\/hedlunda.com\/en\/wp-json\/wp\/v2\/users\/1"}],"replies":[{"embeddable":true,"href":"https:\/\/hedlunda.com\/en\/wp-json\/wp\/v2\/comments?post=3"}],"version-history":[{"count":10,"href":"https:\/\/hedlunda.com\/en\/wp-json\/wp\/v2\/pages\/3\/revisions"}],"predecessor-version":[{"id":918,"href":"https:\/\/hedlunda.com\/en\/wp-json\/wp\/v2\/pages\/3\/revisions\/918"}],"wp:attachment":[{"href":"https:\/\/hedlunda.com\/en\/wp-json\/wp\/v2\/media?parent=3"}],"curies":[{"name":"wp","href":"https:\/\/api.w.org\/{rel}","templated":true}]}}